{"id":1353,"date":"2024-09-17T16:37:21","date_gmt":"2024-09-17T13:37:21","guid":{"rendered":"https:\/\/bellaeyes.com.tr\/iletisim\/"},"modified":"2024-09-20T11:45:06","modified_gmt":"2024-09-20T08:45:06","slug":"contact","status":"publish","type":"page","link":"https:\/\/bellaeyes.com.tr\/en\/contact\/","title":{"rendered":"Contact"},"content":{"rendered":"[vc_row type=&#8221;in_container&#8221; full_screen_row_position=&#8221;middle&#8221; column_margin=&#8221;90px&#8221; equal_height=&#8221;yes&#8221; content_placement=&#8221;middle&#8221; column_direction=&#8221;default&#8221; column_direction_tablet=&#8221;default&#8221; column_direction_phone=&#8221;default&#8221; scene_position=&#8221;center&#8221; top_padding=&#8221;0&#8243; bottom_padding=&#8221;0&#8243; text_color=&#8221;dark&#8221; text_align=&#8221;left&#8221; row_border_radius=&#8221;none&#8221; row_border_radius_applies=&#8221;bg&#8221; overflow=&#8221;visible&#8221; id=&#8221;about&#8221; overlay_strength=&#8221;0.3&#8243; gradient_direction=&#8221;left_to_right&#8221; shape_divider_position=&#8221;bottom&#8221; bg_image_animation=&#8221;none&#8221; shape_type=&#8221;&#8221; gradient_type=&#8221;default&#8221;][vc_column column_padding=&#8221;padding-5-percent&#8221; column_padding_tablet=&#8221;inherit&#8221; column_padding_phone=&#8221;inherit&#8221; column_padding_position=&#8221;all&#8221; column_element_direction_desktop=&#8221;default&#8221; column_element_spacing=&#8221;default&#8221; desktop_text_alignment=&#8221;default&#8221; tablet_text_alignment=&#8221;default&#8221; phone_text_alignment=&#8221;default&#8221; background_color_opacity=&#8221;1&#8243; background_hover_color_opacity=&#8221;1&#8243; background_image=&#8221;1016&#8243; background_image_position=&#8221;center center&#8221; background_image_stacking=&#8221;default&#8221; enable_bg_scale=&#8221;true&#8221; background_image_loading=&#8221;default&#8221; column_backdrop_filter=&#8221;none&#8221; column_shadow=&#8221;none&#8221; column_border_radius=&#8221;none&#8221; column_link_target=&#8221;_self&#8221; column_position=&#8221;default&#8221; gradient_direction=&#8221;left_to_right&#8221; overlay_strength=&#8221;0.3&#8243; width=&#8221;1\/2&#8243; tablet_width_inherit=&#8221;default&#8221; animation_type=&#8221;default&#8221; bg_image_animation=&#8221;zoom-out-reveal&#8221; border_type=&#8221;simple&#8221; column_border_width=&#8221;none&#8221; column_border_style=&#8221;solid&#8221; column_padding_type=&#8221;default&#8221; gradient_type=&#8221;default&#8221;][divider line_type=&#8221;No Line&#8221; custom_height=&#8221;300&#8243;][\/vc_column][vc_column column_padding=&#8221;padding-2-percent&#8221; column_padding_tablet=&#8221;inherit&#8221; column_padding_phone=&#8221;inherit&#8221; column_padding_position=&#8221;top-bottom&#8221; column_element_direction_desktop=&#8221;default&#8221; column_element_spacing=&#8221;default&#8221; desktop_text_alignment=&#8221;default&#8221; tablet_text_alignment=&#8221;default&#8221; phone_text_alignment=&#8221;default&#8221; background_color_opacity=&#8221;1&#8243; background_hover_color_opacity=&#8221;1&#8243; column_backdrop_filter=&#8221;none&#8221; column_shadow=&#8221;none&#8221; column_border_radius=&#8221;none&#8221; column_link_target=&#8221;_self&#8221; column_position=&#8221;default&#8221; gradient_direction=&#8221;left_to_right&#8221; overlay_strength=&#8221;0.3&#8243; width=&#8221;1\/2&#8243; tablet_width_inherit=&#8221;default&#8221; animation_type=&#8221;default&#8221; bg_image_animation=&#8221;none&#8221; border_type=&#8221;simple&#8221; column_border_width=&#8221;none&#8221; column_border_style=&#8221;solid&#8221;][vc_column_text css=&#8221;&#8221; text_direction=&#8221;default&#8221;]\n<h2>Contact Us<\/h2>\n[\/vc_column_text]\n<div class=\"wpcf7 no-js\" id=\"wpcf7-f1364-o1\" lang=\"en-US\" dir=\"ltr\" data-wpcf7-id=\"1364\">\n<div class=\"screen-reader-response\"><p role=\"status\" aria-live=\"polite\" aria-atomic=\"true\"><\/p> <ul><\/ul><\/div>\n<form action=\"\/en\/wp-json\/wp\/v2\/pages\/1353#wpcf7-f1364-o1\" method=\"post\" class=\"wpcf7-form init\" aria-label=\"Contact form\" novalidate=\"novalidate\" data-status=\"init\">\n<fieldset class=\"hidden-fields-container\"><input type=\"hidden\" name=\"_wpcf7\" value=\"1364\" \/><input type=\"hidden\" name=\"_wpcf7_version\" value=\"6.1.4\" \/><input type=\"hidden\" name=\"_wpcf7_locale\" value=\"en_US\" \/><input type=\"hidden\" name=\"_wpcf7_unit_tag\" value=\"wpcf7-f1364-o1\" \/><input type=\"hidden\" name=\"_wpcf7_container_post\" value=\"0\" \/><input type=\"hidden\" name=\"_wpcf7_posted_data_hash\" value=\"\" \/>\n<\/fieldset>\n<div style=\"display:inline-flex; flex-wrap:wrap; gap:16px; color:#b1acaa;\">\n\t<div style=\"display:flex; gap:16px;\">\n\t\t<div style=\"width: 100%; \">\n\t\t\t<p><span class=\"wpcf7-form-control-wrap\" data-name=\"ad\"><input size=\"40\" maxlength=\"400\" class=\"wpcf7-form-control wpcf7-text wpcf7-validates-as-required\" autocomplete=\"name\" aria-required=\"true\" aria-invalid=\"false\" placeholder=\"Name\" value=\"\" type=\"text\" name=\"ad\" \/><\/span>\n\t\t\t<\/p>\n\t\t<\/div>\n\t\t<div style=\"width: 100%;\">\n\t\t\t<p><span class=\"wpcf7-form-control-wrap\" data-name=\"mail\"><input size=\"40\" maxlength=\"400\" class=\"wpcf7-form-control wpcf7-email wpcf7-validates-as-required wpcf7-text wpcf7-validates-as-email\" autocomplete=\"email\" aria-required=\"true\" aria-invalid=\"false\" placeholder=\"E-Mail\" value=\"\" type=\"email\" name=\"mail\" \/><\/span>\n\t\t\t<\/p>\n\t\t<\/div>\n\t<\/div>\n\t<div style=\"width: 100%;\">\n\t\t<p><span class=\"wpcf7-form-control-wrap\" data-name=\"tel-540\"><input size=\"40\" maxlength=\"400\" class=\"wpcf7-form-control wpcf7-tel wpcf7-validates-as-required wpcf7-text wpcf7-validates-as-tel\" aria-required=\"true\" aria-invalid=\"false\" placeholder=\"Phone Number\" value=\"\" type=\"tel\" name=\"tel-540\" \/><\/span>\n\t\t<\/p>\n\t<\/div>\n\t<p><input class=\"wpcf7-form-control wpcf7-submit has-spinner\" type=\"submit\" value=\"Send\" \/>\n\t<\/p>\n<\/div><div class=\"wpcf7-response-output\" aria-hidden=\"true\"><\/div>\n<\/form>\n<\/div>\n[vc_column_text css=&#8221;&#8221; text_direction=&#8221;default&#8221;]Address : Harbiye, H\u00fcsrev Gerede Cd. G\u00f6z\u00fcm Apt No:69 D:1 \u0130stanbul\/T\u00fcrkiye<\/p>\n<p>Phone: <img loading=\"lazy\" decoding=\"async\" class=\"alignnone size-full wp-image-1142\" src=\"https:\/\/bellaeyes.com.tr\/wp-content\/uploads\/2024\/09\/tr.png\" alt=\"\" width=\"18\" height=\"12\" \/>0530 074 4704<\/p>\n<p>Phone: <img loading=\"lazy\" decoding=\"async\" class=\"alignnone size-full wp-image-1141\" src=\"https:\/\/bellaeyes.com.tr\/wp-content\/uploads\/2024\/09\/en.png\" alt=\"\" width=\"18\" height=\"12\" \/>0546 469 9948[\/vc_column_text][\/vc_column][\/vc_row]\n","protected":false},"excerpt":{"rendered":"<p>[vc_row type=&#8221;in_container&#8221; full_screen_row_position=&#8221;middle&#8221; column_margin=&#8221;90px&#8221; equal_height=&#8221;yes&#8221; content_placement=&#8221;middle&#8221; column_direction=&#8221;default&#8221; column_direction_tablet=&#8221;default&#8221; column_direction_phone=&#8221;default&#8221; scene_position=&#8221;center&#8221; top_padding=&#8221;0&#8243; bottom_padding=&#8221;0&#8243; text_color=&#8221;dark&#8221; text_align=&#8221;left&#8221; row_border_radius=&#8221;none&#8221; row_border_radius_applies=&#8221;bg&#8221; overflow=&#8221;visible&#8221; id=&#8221;about&#8221; overlay_strength=&#8221;0.3&#8243; gradient_direction=&#8221;left_to_right&#8221; shape_divider_position=&#8221;bottom&#8221; bg_image_animation=&#8221;none&#8221; shape_type=&#8221;&#8221; gradient_type=&#8221;default&#8221;][vc_column column_padding=&#8221;padding-5-percent&#8221; column_padding_tablet=&#8221;inherit&#8221; column_padding_phone=&#8221;inherit&#8221; column_padding_position=&#8221;all&#8221; column_element_direction_desktop=&#8221;default&#8221; column_element_spacing=&#8221;default&#8221;&#8230;<\/p>\n","protected":false},"author":1,"featured_media":0,"parent":0,"menu_order":0,"comment_status":"closed","ping_status":"closed","template":"","meta":{"footnotes":""},"class_list":["post-1353","page","type-page","status-publish"],"yoast_head":"<!-- This site is optimized with the Yoast SEO plugin v26.5 - https:\/\/yoast.com\/wordpress\/plugins\/seo\/ -->\n<title>Contact - Bella Eyes<\/title>\n<meta name=\"description\" content=\"Bella Eyes Surgery is a surgical procedure introduced to the medical literature by Op. Dr. Ufuk Askero\u011flu. Contact\" \/>\n<meta name=\"robots\" content=\"index, follow, max-snippet:-1, max-image-preview:large, max-video-preview:-1\" \/>\n<link rel=\"canonical\" href=\"https:\/\/bellaeyes.com.tr\/en\/contact\/\" \/>\n<meta property=\"og:locale\" content=\"en_US\" \/>\n<meta property=\"og:type\" content=\"article\" \/>\n<meta property=\"og:title\" content=\"Contact - Bella Eyes\" \/>\n<meta property=\"og:description\" content=\"Bella Eyes Surgery is a surgical procedure introduced to the medical literature by Op. Dr. Ufuk Askero\u011flu. Contact\" \/>\n<meta property=\"og:url\" content=\"https:\/\/bellaeyes.com.tr\/en\/contact\/\" \/>\n<meta property=\"og:site_name\" content=\"Bella Eyes\" \/>\n<meta property=\"article:modified_time\" content=\"2024-09-20T08:45:06+00:00\" \/>\n<meta property=\"og:image\" content=\"https:\/\/bellaeyes.com.tr\/wp-content\/uploads\/2024\/09\/tr.png\" \/>\n<meta name=\"twitter:card\" content=\"summary_large_image\" \/>\n<meta name=\"twitter:label1\" content=\"Est. reading time\" \/>\n\t<meta name=\"twitter:data1\" content=\"1 minute\" \/>\n<script type=\"application\/ld+json\" class=\"yoast-schema-graph\">{\"@context\":\"https:\/\/schema.org\",\"@graph\":[{\"@type\":\"WebPage\",\"@id\":\"https:\/\/bellaeyes.com.tr\/en\/contact\/\",\"url\":\"https:\/\/bellaeyes.com.tr\/en\/contact\/\",\"name\":\"Contact - Bella Eyes\",\"isPartOf\":{\"@id\":\"https:\/\/bellaeyes.com.tr\/#website\"},\"primaryImageOfPage\":{\"@id\":\"https:\/\/bellaeyes.com.tr\/en\/contact\/#primaryimage\"},\"image\":{\"@id\":\"https:\/\/bellaeyes.com.tr\/en\/contact\/#primaryimage\"},\"thumbnailUrl\":\"https:\/\/bellaeyes.com.tr\/wp-content\/uploads\/2024\/09\/tr.png\",\"datePublished\":\"2024-09-17T13:37:21+00:00\",\"dateModified\":\"2024-09-20T08:45:06+00:00\",\"description\":\"Bella Eyes Surgery is a surgical procedure introduced to the medical literature by Op. Dr. Ufuk Askero\u011flu. Contact\",\"breadcrumb\":{\"@id\":\"https:\/\/bellaeyes.com.tr\/en\/contact\/#breadcrumb\"},\"inLanguage\":\"en-US\",\"potentialAction\":[{\"@type\":\"ReadAction\",\"target\":[\"https:\/\/bellaeyes.com.tr\/en\/contact\/\"]}]},{\"@type\":\"ImageObject\",\"inLanguage\":\"en-US\",\"@id\":\"https:\/\/bellaeyes.com.tr\/en\/contact\/#primaryimage\",\"url\":\"https:\/\/bellaeyes.com.tr\/wp-content\/uploads\/2024\/09\/tr.png\",\"contentUrl\":\"https:\/\/bellaeyes.com.tr\/wp-content\/uploads\/2024\/09\/tr.png\"},{\"@type\":\"BreadcrumbList\",\"@id\":\"https:\/\/bellaeyes.com.tr\/en\/contact\/#breadcrumb\",\"itemListElement\":[{\"@type\":\"ListItem\",\"position\":1,\"name\":\"Anasayfa\",\"item\":\"https:\/\/bellaeyes.com.tr\/en\/\"},{\"@type\":\"ListItem\",\"position\":2,\"name\":\"Contact\"}]},{\"@type\":\"WebSite\",\"@id\":\"https:\/\/bellaeyes.com.tr\/#website\",\"url\":\"https:\/\/bellaeyes.com.tr\/\",\"name\":\"Bella Eyes\",\"description\":\"\",\"potentialAction\":[{\"@type\":\"SearchAction\",\"target\":{\"@type\":\"EntryPoint\",\"urlTemplate\":\"https:\/\/bellaeyes.com.tr\/?s={search_term_string}\"},\"query-input\":{\"@type\":\"PropertyValueSpecification\",\"valueRequired\":true,\"valueName\":\"search_term_string\"}}],\"inLanguage\":\"en-US\"}]}<\/script>\n<!-- \/ Yoast SEO plugin. -->","yoast_head_json":{"title":"Contact - Bella Eyes","description":"Bella Eyes Surgery is a surgical procedure introduced to the medical literature by Op. Dr. Ufuk Askero\u011flu. Contact","robots":{"index":"index","follow":"follow","max-snippet":"max-snippet:-1","max-image-preview":"max-image-preview:large","max-video-preview":"max-video-preview:-1"},"canonical":"https:\/\/bellaeyes.com.tr\/en\/contact\/","og_locale":"en_US","og_type":"article","og_title":"Contact - Bella Eyes","og_description":"Bella Eyes Surgery is a surgical procedure introduced to the medical literature by Op. Dr. Ufuk Askero\u011flu. Contact","og_url":"https:\/\/bellaeyes.com.tr\/en\/contact\/","og_site_name":"Bella Eyes","article_modified_time":"2024-09-20T08:45:06+00:00","og_image":[{"url":"https:\/\/bellaeyes.com.tr\/wp-content\/uploads\/2024\/09\/tr.png","type":"","width":"","height":""}],"twitter_card":"summary_large_image","twitter_misc":{"Est. reading time":"1 minute"},"schema":{"@context":"https:\/\/schema.org","@graph":[{"@type":"WebPage","@id":"https:\/\/bellaeyes.com.tr\/en\/contact\/","url":"https:\/\/bellaeyes.com.tr\/en\/contact\/","name":"Contact - Bella Eyes","isPartOf":{"@id":"https:\/\/bellaeyes.com.tr\/#website"},"primaryImageOfPage":{"@id":"https:\/\/bellaeyes.com.tr\/en\/contact\/#primaryimage"},"image":{"@id":"https:\/\/bellaeyes.com.tr\/en\/contact\/#primaryimage"},"thumbnailUrl":"https:\/\/bellaeyes.com.tr\/wp-content\/uploads\/2024\/09\/tr.png","datePublished":"2024-09-17T13:37:21+00:00","dateModified":"2024-09-20T08:45:06+00:00","description":"Bella Eyes Surgery is a surgical procedure introduced to the medical literature by Op. Dr. Ufuk Askero\u011flu. Contact","breadcrumb":{"@id":"https:\/\/bellaeyes.com.tr\/en\/contact\/#breadcrumb"},"inLanguage":"en-US","potentialAction":[{"@type":"ReadAction","target":["https:\/\/bellaeyes.com.tr\/en\/contact\/"]}]},{"@type":"ImageObject","inLanguage":"en-US","@id":"https:\/\/bellaeyes.com.tr\/en\/contact\/#primaryimage","url":"https:\/\/bellaeyes.com.tr\/wp-content\/uploads\/2024\/09\/tr.png","contentUrl":"https:\/\/bellaeyes.com.tr\/wp-content\/uploads\/2024\/09\/tr.png"},{"@type":"BreadcrumbList","@id":"https:\/\/bellaeyes.com.tr\/en\/contact\/#breadcrumb","itemListElement":[{"@type":"ListItem","position":1,"name":"Anasayfa","item":"https:\/\/bellaeyes.com.tr\/en\/"},{"@type":"ListItem","position":2,"name":"Contact"}]},{"@type":"WebSite","@id":"https:\/\/bellaeyes.com.tr\/#website","url":"https:\/\/bellaeyes.com.tr\/","name":"Bella Eyes","description":"","potentialAction":[{"@type":"SearchAction","target":{"@type":"EntryPoint","urlTemplate":"https:\/\/bellaeyes.com.tr\/?s={search_term_string}"},"query-input":{"@type":"PropertyValueSpecification","valueRequired":true,"valueName":"search_term_string"}}],"inLanguage":"en-US"}]}},"_links":{"self":[{"href":"https:\/\/bellaeyes.com.tr\/en\/wp-json\/wp\/v2\/pages\/1353","targetHints":{"allow":["GET"]}}],"collection":[{"href":"https:\/\/bellaeyes.com.tr\/en\/wp-json\/wp\/v2\/pages"}],"about":[{"href":"https:\/\/bellaeyes.com.tr\/en\/wp-json\/wp\/v2\/types\/page"}],"author":[{"embeddable":true,"href":"https:\/\/bellaeyes.com.tr\/en\/wp-json\/wp\/v2\/users\/1"}],"replies":[{"embeddable":true,"href":"https:\/\/bellaeyes.com.tr\/en\/wp-json\/wp\/v2\/comments?post=1353"}],"version-history":[{"count":3,"href":"https:\/\/bellaeyes.com.tr\/en\/wp-json\/wp\/v2\/pages\/1353\/revisions"}],"predecessor-version":[{"id":1365,"href":"https:\/\/bellaeyes.com.tr\/en\/wp-json\/wp\/v2\/pages\/1353\/revisions\/1365"}],"wp:attachment":[{"href":"https:\/\/bellaeyes.com.tr\/en\/wp-json\/wp\/v2\/media?parent=1353"}],"curies":[{"name":"wp","href":"https:\/\/api.w.org\/{rel}","templated":true}]}}